{"id":2,"date":"2025-04-28T18:32:43","date_gmt":"2025-04-28T18:32:43","guid":{"rendered":"https:\/\/revista-vitral.com\/?page_id=2"},"modified":"2025-09-24T00:40:08","modified_gmt":"2025-09-24T00:40:08","slug":"sample-page","status":"publish","type":"page","link":"https:\/\/revista-vitral.com\/index.php\/sample-page\/","title":{"rendered":"Acerca de"},"content":{"rendered":"\t\t<div data-elementor-type=\"wp-page\" data-elementor-id=\"2\" class=\"elementor elementor-2\" data-elementor-post-type=\"page\">\n\t\t\t\t<div class=\"elementor-element elementor-element-be8a1b0 e-con-full e-flex e-con e-parent\" data-id=\"be8a1b0\" data-element_type=\"container\" data-settings=\"{&quot;background_background&quot;:&quot;gradient&quot;}\">\n\t\t\t\t<div class=\"elementor-element elementor-element-74ab06d elementor-widget elementor-widget-image\" data-id=\"74ab06d\" data-element_type=\"widget\" data-widget_type=\"image.default\">\n\t\t\t\t<div class=\"elementor-widget-container\">\n\t\t\t\t\t\t\t\t\t\t\t\t\t\t\t<img decoding=\"async\" width=\"300\" height=\"113\" src=\"https:\/\/revista-vitral.com\/wp-content\/uploads\/2025\/04\/cropped-VITRAL-REVISTA-300x113.png\" class=\"attachment-medium size-medium wp-image-41\" alt=\"\" srcset=\"https:\/\/revista-vitral.com\/wp-content\/uploads\/2025\/04\/cropped-VITRAL-REVISTA-300x113.png 300w, https:\/\/revista-vitral.com\/wp-content\/uploads\/2025\/04\/cropped-VITRAL-REVISTA-1024x387.png 1024w, https:\/\/revista-vitral.com\/wp-content\/uploads\/2025\/04\/cropped-VITRAL-REVISTA-768x290.png 768w, https:\/\/revista-vitral.com\/wp-content\/uploads\/2025\/04\/cropped-VITRAL-REVISTA-1536x580.png 1536w, https:\/\/revista-vitral.com\/wp-content\/uploads\/2025\/04\/cropped-VITRAL-REVISTA.png 1821w\" sizes=\"(max-width: 300px) 100vw, 300px\" \/>\t\t\t\t\t\t\t\t\t\t\t\t\t\t\t<\/div>\n\t\t\t\t<\/div>\n\t\t<div class=\"elementor-element elementor-element-d2e879b e-con-full e-flex e-con e-child\" data-id=\"d2e879b\" data-element_type=\"container\">\n\t\t\t\t<\/div>\n\t\t<div class=\"elementor-element elementor-element-b5ffb3b e-con-full e-flex e-con e-child\" data-id=\"b5ffb3b\" data-element_type=\"container\">\n\t\t\t\t<\/div>\n\t\t<div class=\"elementor-element elementor-element-d82aa77 e-con-full e-flex e-con e-child\" data-id=\"d82aa77\" data-element_type=\"container\">\n\t\t\t\t<\/div>\n\t\t<div class=\"elementor-element elementor-element-c743cb5 e-con-full e-flex e-con e-child\" data-id=\"c743cb5\" data-element_type=\"container\">\n\t\t\t\t<div class=\"elementor-element elementor-element-0a0f137 elementor-widget elementor-widget-image\" data-id=\"0a0f137\" data-element_type=\"widget\" data-widget_type=\"image.default\">\n\t\t\t\t<div class=\"elementor-widget-container\">\n\t\t\t\t\t\t\t\t\t\t\t\t\t\t\t<img decoding=\"async\" width=\"300\" height=\"100\" src=\"https:\/\/revista-vitral.com\/wp-content\/uploads\/2025\/09\/Logo-Facultad-de-Artes-Mexicali_tranparencia-300x100.png\" class=\"attachment-medium size-medium wp-image-358\" alt=\"\" srcset=\"https:\/\/revista-vitral.com\/wp-content\/uploads\/2025\/09\/Logo-Facultad-de-Artes-Mexicali_tranparencia-300x100.png 300w, https:\/\/revista-vitral.com\/wp-content\/uploads\/2025\/09\/Logo-Facultad-de-Artes-Mexicali_tranparencia-1024x342.png 1024w, https:\/\/revista-vitral.com\/wp-content\/uploads\/2025\/09\/Logo-Facultad-de-Artes-Mexicali_tranparencia-768x256.png 768w, https:\/\/revista-vitral.com\/wp-content\/uploads\/2025\/09\/Logo-Facultad-de-Artes-Mexicali_tranparencia.png 1222w\" sizes=\"(max-width: 300px) 100vw, 300px\" \/>\t\t\t\t\t\t\t\t\t\t\t\t\t\t\t<\/div>\n\t\t\t\t<\/div>\n\t\t\t\t<\/div>\n\t\t\t\t<\/div>\n\t\t<div class=\"elementor-element elementor-element-7745aaf e-con-full e-flex e-con e-parent\" data-id=\"7745aaf\" data-element_type=\"container\" data-settings=\"{&quot;background_background&quot;:&quot;classic&quot;}\">\n\t\t\t\t<div class=\"elementor-element elementor-element-e3d6ed1 elementor-nav-menu--dropdown-tablet elementor-nav-menu__text-align-aside elementor-nav-menu--toggle elementor-nav-menu--burger elementor-widget elementor-widget-nav-menu\" data-id=\"e3d6ed1\" data-element_type=\"widget\" data-settings=\"{&quot;submenu_icon&quot;:{&quot;value&quot;:&quot;&lt;i class=\\&quot;\\&quot;&gt;&lt;\\\/i&gt;&quot;,&quot;library&quot;:&quot;&quot;},&quot;layout&quot;:&quot;horizontal&quot;,&quot;toggle&quot;:&quot;burger&quot;}\" data-widget_type=\"nav-menu.default\">\n\t\t\t\t<div class=\"elementor-widget-container\">\n\t\t\t\t\t\t\t\t<nav aria-label=\"Menu\" class=\"elementor-nav-menu--main elementor-nav-menu__container elementor-nav-menu--layout-horizontal e--pointer-underline e--animation-fade\">\n\t\t\t\t<ul id=\"menu-1-e3d6ed1\" class=\"elementor-nav-menu\"><li class=\"menu-item menu-item-type-post_type menu-item-object-page menu-item-home menu-item-161\"><a href=\"https:\/\/revista-vitral.com\/\" class=\"elementor-item\">Actual<\/a><\/li>\n<li class=\"menu-item menu-item-type-post_type menu-item-object-page menu-item-60\"><a href=\"https:\/\/revista-vitral.com\/index.php\/codigo-de-etica\/\" class=\"elementor-item\">C\u00f3digo de \u00e9tica<\/a><\/li>\n<li class=\"menu-item menu-item-type-post_type menu-item-object-page menu-item-61\"><a href=\"https:\/\/revista-vitral.com\/index.php\/contacto\/\" class=\"elementor-item\">Contacto<\/a><\/li>\n<li class=\"menu-item menu-item-type-post_type menu-item-object-page menu-item-has-children menu-item-62\"><a href=\"https:\/\/revista-vitral.com\/index.php\/sample-page\/\" class=\"elementor-item\">Acerca de<\/a>\n<ul class=\"sub-menu elementor-nav-menu--dropdown\">\n\t<li class=\"menu-item menu-item-type-post_type menu-item-object-page menu-item-343\"><a href=\"https:\/\/revista-vitral.com\/index.php\/acerca-de\/\" class=\"elementor-sub-item\">Editorial<\/a><\/li>\n<\/ul>\n<\/li>\n<li class=\"menu-item menu-item-type-custom menu-item-object-custom menu-item-514\"><a href=\"https:\/\/sepiacmj.facultaddeartesmexicaliuabc.com\/index.php\/estructura-copy\/\" class=\"elementor-item\">Dossier M\u00e9xico-Jap\u00f3n<\/a><\/li>\n<\/ul>\t\t\t<\/nav>\n\t\t\t\t\t<div class=\"elementor-menu-toggle\" role=\"button\" tabindex=\"0\" aria-label=\"Menu Toggle\" aria-expanded=\"false\">\n\t\t\t<svg aria-hidden=\"true\" role=\"presentation\" class=\"elementor-menu-toggle__icon--open e-font-icon-svg e-eicon-menu-bar\" viewBox=\"0 0 1000 1000\" xmlns=\"http:\/\/www.w3.org\/2000\/svg\"><path d=\"M104 333H896C929 333 958 304 958 271S929 208 896 208H104C71 208 42 237 42 271S71 333 104 333ZM104 583H896C929 583 958 554 958 521S929 458 896 458H104C71 458 42 487 42 521S71 583 104 583ZM104 833H896C929 833 958 804 958 771S929 708 896 708H104C71 708 42 737 42 771S71 833 104 833Z\"><\/path><\/svg><svg aria-hidden=\"true\" role=\"presentation\" class=\"elementor-menu-toggle__icon--close e-font-icon-svg e-eicon-close\" viewBox=\"0 0 1000 1000\" xmlns=\"http:\/\/www.w3.org\/2000\/svg\"><path d=\"M742 167L500 408 258 167C246 154 233 150 217 150 196 150 179 158 167 167 154 179 150 196 150 212 150 229 154 242 171 254L408 500 167 742C138 771 138 800 167 829 196 858 225 858 254 829L496 587 738 829C750 842 767 846 783 846 800 846 817 842 829 829 842 817 846 804 846 783 846 767 842 750 829 737L588 500 833 258C863 229 863 200 833 171 804 137 775 137 742 167Z\"><\/path><\/svg>\t\t<\/div>\n\t\t\t\t\t<nav class=\"elementor-nav-menu--dropdown elementor-nav-menu__container\" aria-hidden=\"true\">\n\t\t\t\t<ul id=\"menu-2-e3d6ed1\" class=\"elementor-nav-menu\"><li class=\"menu-item menu-item-type-post_type menu-item-object-page menu-item-home menu-item-161\"><a href=\"https:\/\/revista-vitral.com\/\" class=\"elementor-item\" tabindex=\"-1\">Actual<\/a><\/li>\n<li class=\"menu-item menu-item-type-post_type menu-item-object-page menu-item-60\"><a href=\"https:\/\/revista-vitral.com\/index.php\/codigo-de-etica\/\" class=\"elementor-item\" tabindex=\"-1\">C\u00f3digo de \u00e9tica<\/a><\/li>\n<li class=\"menu-item menu-item-type-post_type menu-item-object-page menu-item-61\"><a href=\"https:\/\/revista-vitral.com\/index.php\/contacto\/\" class=\"elementor-item\" tabindex=\"-1\">Contacto<\/a><\/li>\n<li class=\"menu-item menu-item-type-post_type menu-item-object-page menu-item-has-children menu-item-62\"><a href=\"https:\/\/revista-vitral.com\/index.php\/sample-page\/\" class=\"elementor-item\" tabindex=\"-1\">Acerca de<\/a>\n<ul class=\"sub-menu elementor-nav-menu--dropdown\">\n\t<li class=\"menu-item menu-item-type-post_type menu-item-object-page menu-item-343\"><a href=\"https:\/\/revista-vitral.com\/index.php\/acerca-de\/\" class=\"elementor-sub-item\" tabindex=\"-1\">Editorial<\/a><\/li>\n<\/ul>\n<\/li>\n<li class=\"menu-item menu-item-type-custom menu-item-object-custom menu-item-514\"><a href=\"https:\/\/sepiacmj.facultaddeartesmexicaliuabc.com\/index.php\/estructura-copy\/\" class=\"elementor-item\" tabindex=\"-1\">Dossier M\u00e9xico-Jap\u00f3n<\/a><\/li>\n<\/ul>\t\t\t<\/nav>\n\t\t\t\t\t\t<\/div>\n\t\t\t\t<\/div>\n\t\t\t\t<\/div>\n\t\t<div class=\"elementor-element elementor-element-91cabf8 e-flex e-con-boxed e-con e-parent\" data-id=\"91cabf8\" data-element_type=\"container\">\n\t\t\t\t\t<div class=\"e-con-inner\">\n\t\t\t\t<div class=\"elementor-element elementor-element-2814674 elementor-widget__width-initial elementor-widget elementor-widget-text-editor\" data-id=\"2814674\" data-element_type=\"widget\" data-widget_type=\"text-editor.default\">\n\t\t\t\t<div class=\"elementor-widget-container\">\n\t\t\t\t\t\t\t\t\t<p>\u00a0<span style=\"letter-spacing: 0px;\">La Revista Vitral es una publicaci\u00f3n de periodicidad continua que difunde\u00a0<\/span><span style=\"letter-spacing: 0px;\">investigaciones de acad\u00e9micos y profesionales interesados en la investigaci\u00f3n\u00a0<\/span><span style=\"letter-spacing: 0px;\">sobre las distintas disciplinas art\u00edsticas y desde perspectivas te\u00f3ricas y\u00a0<\/span><span style=\"letter-spacing: 0px;\">metodol\u00f3gicas diversas.<\/span><\/p>\t\t\t\t\t\t\t\t<\/div>\n\t\t\t\t<\/div>\n\t\t\t\t\t<\/div>\n\t\t\t\t<\/div>\n\t\t<div class=\"elementor-element elementor-element-b30904e e-flex e-con-boxed e-con e-parent\" data-id=\"b30904e\" data-element_type=\"container\">\n\t\t\t\t\t<div class=\"e-con-inner\">\n\t\t\t\t<div class=\"elementor-element elementor-element-5314b1e elementor-widget elementor-widget-heading\" data-id=\"5314b1e\" data-element_type=\"widget\" data-widget_type=\"heading.default\">\n\t\t\t\t<div class=\"elementor-widget-container\">\n\t\t\t\t\t<h3 class=\"elementor-heading-title elementor-size-default\">\u00c1reas de enfoque<\/h3>\t\t\t\t<\/div>\n\t\t\t\t<\/div>\n\t\t\t\t\t<\/div>\n\t\t\t\t<\/div>\n\t\t<div class=\"elementor-element elementor-element-d465edc e-flex e-con-boxed e-con e-parent\" data-id=\"d465edc\" data-element_type=\"container\">\n\t\t\t\t\t<div class=\"e-con-inner\">\n\t\t\t\t<div class=\"elementor-element elementor-element-174793a elementor-widget__width-initial elementor-widget elementor-widget-text-editor\" data-id=\"174793a\" data-element_type=\"widget\" data-widget_type=\"text-editor.default\">\n\t\t\t\t<div class=\"elementor-widget-container\">\n\t\t\t\t\t\t\t\t\t<ul>\n \t<li>Producci\u00f3n disciplinaria de artes pl\u00e1sticas, esc\u00e9nicas, visuales y<\/li>\n \t<li>audiovisuales<\/li>\n \t<li>Estudios de Est\u00e9tica<\/li>\n \t<li>Filosof\u00eda y semi\u00f3tica del arte<\/li>\n \t<li>Sociolog\u00eda del arte<\/li>\n \t<li>Educaci\u00f3n art\u00edstica<\/li>\n \t<li>Historia del arte<\/li>\n \t<li>Gesti\u00f3n cultural<\/li>\n \t<li>Mercadotecnia y econom\u00eda del arte<\/li>\n<\/ul>\nPor su naturaleza, es una publicaci\u00f3n de alcance internacional que difunde contribuciones en espa\u00f1ol e ingl\u00e9s rigurosamente evaluadas por pares bajo la\u00a0<span style=\"letter-spacing: 0px;\">modalidad doble ciego.<\/span>\t\t\t\t\t\t\t\t<\/div>\n\t\t\t\t<\/div>\n\t\t\t\t\t<\/div>\n\t\t\t\t<\/div>\n\t\t<div class=\"elementor-element elementor-element-62475fc e-flex e-con-boxed e-con e-parent\" data-id=\"62475fc\" data-element_type=\"container\" data-settings=\"{&quot;background_background&quot;:&quot;classic&quot;}\">\n\t\t\t\t\t<div class=\"e-con-inner\">\n\t\t<div class=\"elementor-element elementor-element-48e043e e-con-full e-flex e-con e-child\" data-id=\"48e043e\" data-element_type=\"container\">\n\t\t\t\t<div class=\"elementor-element elementor-element-149903b elementor-widget elementor-widget-image\" data-id=\"149903b\" data-element_type=\"widget\" data-widget_type=\"image.default\">\n\t\t\t\t<div class=\"elementor-widget-container\">\n\t\t\t\t\t\t\t\t\t\t\t\t\t\t\t<img fetchpriority=\"high\" decoding=\"async\" width=\"1024\" height=\"387\" src=\"https:\/\/revista-vitral.com\/wp-content\/uploads\/2025\/04\/cropped-VITRAL-REVISTA-1024x387.png\" class=\"attachment-large size-large wp-image-41\" alt=\"\" srcset=\"https:\/\/revista-vitral.com\/wp-content\/uploads\/2025\/04\/cropped-VITRAL-REVISTA-1024x387.png 1024w, https:\/\/revista-vitral.com\/wp-content\/uploads\/2025\/04\/cropped-VITRAL-REVISTA-300x113.png 300w, https:\/\/revista-vitral.com\/wp-content\/uploads\/2025\/04\/cropped-VITRAL-REVISTA-768x290.png 768w, https:\/\/revista-vitral.com\/wp-content\/uploads\/2025\/04\/cropped-VITRAL-REVISTA-1536x580.png 1536w, https:\/\/revista-vitral.com\/wp-content\/uploads\/2025\/04\/cropped-VITRAL-REVISTA.png 1821w\" sizes=\"(max-width: 1024px) 100vw, 1024px\" \/>\t\t\t\t\t\t\t\t\t\t\t\t\t\t\t<\/div>\n\t\t\t\t<\/div>\n\t\t\t\t<div class=\"elementor-element elementor-element-c332998 elementor-widget elementor-widget-text-editor\" data-id=\"c332998\" data-element_type=\"widget\" data-widget_type=\"text-editor.default\">\n\t\t\t\t<div class=\"elementor-widget-container\">\n\t\t\t\t\t\t\t\t\t<p style=\"text-align: left; font-size:.5em\">La Revista Vitral es una publicaci\u00f3n de periodicidad continua que difunde\u00a0<span style=\"letter-spacing: 0px;\">investigaciones de acad\u00e9micos y profesionales interesados en la investigaci\u00f3n\u00a0<\/span><span style=\"letter-spacing: 0px;\">sobre las distintas disciplinas art\u00edsticas y desde perspectivas te\u00f3ricas y\u00a0<\/span><span style=\"letter-spacing: 0px;\">metodol\u00f3gicas diversas.<\/span><\/p>\t\t\t\t\t\t\t\t<\/div>\n\t\t\t\t<\/div>\n\t\t\t\t<\/div>\n\t\t<div class=\"elementor-element elementor-element-800bcf5 e-con-full e-flex e-con e-child\" data-id=\"800bcf5\" data-element_type=\"container\">\n\t\t\t\t<\/div>\n\t\t\t\t\t<\/div>\n\t\t\t\t<\/div>\n\t\t\t\t<\/div>\n\t\t","protected":false},"excerpt":{"rendered":"<p>\u00a0La Revista Vitral es una publicaci\u00f3n de periodicidad continua que difunde\u00a0investigaciones de acad\u00e9micos y profesionales interesados en la investigaci\u00f3n\u00a0sobre las distintas disciplinas art\u00edsticas y desde perspectivas te\u00f3ricas y\u00a0metodol\u00f3gicas diversas. \u00c1reas de enfoque Producci\u00f3n disciplinaria de artes pl\u00e1sticas, esc\u00e9nicas, visuales y audiovisuales Estudios de Est\u00e9tica Filosof\u00eda y semi\u00f3tica del arte Sociolog\u00eda del arte Educaci\u00f3n art\u00edstica Historia [&hellip;]<\/p>\n","protected":false},"author":1,"featured_media":0,"parent":0,"menu_order":0,"comment_status":"closed","ping_status":"closed","template":"","meta":{"footnotes":""},"class_list":["post-2","page","type-page","status-publish","hentry"],"yoast_head":"<!-- This site is optimized with the Yoast SEO plugin v24.9 - https:\/\/yoast.com\/wordpress\/plugins\/seo\/ -->\n<title>Acerca de - Revista Vitral<\/title>\n<meta name=\"robots\" content=\"index, follow, max-snippet:-1, max-image-preview:large, max-video-preview:-1\" \/>\n<link rel=\"canonical\" href=\"https:\/\/revista-vitral.com\/index.php\/sample-page\/\" \/>\n<meta property=\"og:locale\" content=\"es_ES\" \/>\n<meta property=\"og:type\" content=\"article\" \/>\n<meta property=\"og:title\" content=\"Acerca de - Revista Vitral\" \/>\n<meta property=\"og:description\" content=\"\u00a0La Revista Vitral es una publicaci\u00f3n de periodicidad continua que difunde\u00a0investigaciones de acad\u00e9micos y profesionales interesados en la investigaci\u00f3n\u00a0sobre las distintas disciplinas art\u00edsticas y desde perspectivas te\u00f3ricas y\u00a0metodol\u00f3gicas diversas. \u00c1reas de enfoque Producci\u00f3n disciplinaria de artes pl\u00e1sticas, esc\u00e9nicas, visuales y audiovisuales Estudios de Est\u00e9tica Filosof\u00eda y semi\u00f3tica del arte Sociolog\u00eda del arte Educaci\u00f3n art\u00edstica Historia [&hellip;]\" \/>\n<meta property=\"og:url\" content=\"https:\/\/revista-vitral.com\/index.php\/sample-page\/\" \/>\n<meta property=\"og:site_name\" content=\"Revista Vitral\" \/>\n<meta property=\"article:modified_time\" content=\"2025-09-24T00:40:08+00:00\" \/>\n<meta property=\"og:image\" content=\"https:\/\/revista-vitral.com\/wp-content\/uploads\/2025\/04\/cropped-VITRAL-REVISTA.png\" \/>\n\t<meta property=\"og:image:width\" content=\"1821\" \/>\n\t<meta property=\"og:image:height\" content=\"688\" \/>\n\t<meta property=\"og:image:type\" content=\"image\/png\" \/>\n<meta name=\"twitter:card\" content=\"summary_large_image\" \/>\n<meta name=\"twitter:label1\" content=\"Tiempo de lectura\" \/>\n\t<meta name=\"twitter:data1\" content=\"2 minutos\" \/>\n<script type=\"application\/ld+json\" class=\"yoast-schema-graph\">{\"@context\":\"https:\/\/schema.org\",\"@graph\":[{\"@type\":\"WebPage\",\"@id\":\"https:\/\/revista-vitral.com\/index.php\/sample-page\/\",\"url\":\"https:\/\/revista-vitral.com\/index.php\/sample-page\/\",\"name\":\"Acerca de - Revista Vitral\",\"isPartOf\":{\"@id\":\"https:\/\/revista-vitral.com\/#website\"},\"primaryImageOfPage\":{\"@id\":\"https:\/\/revista-vitral.com\/index.php\/sample-page\/#primaryimage\"},\"image\":{\"@id\":\"https:\/\/revista-vitral.com\/index.php\/sample-page\/#primaryimage\"},\"thumbnailUrl\":\"https:\/\/revista-vitral.com\/wp-content\/uploads\/2025\/04\/cropped-VITRAL-REVISTA-300x113.png\",\"datePublished\":\"2025-04-28T18:32:43+00:00\",\"dateModified\":\"2025-09-24T00:40:08+00:00\",\"breadcrumb\":{\"@id\":\"https:\/\/revista-vitral.com\/index.php\/sample-page\/#breadcrumb\"},\"inLanguage\":\"es\",\"potentialAction\":[{\"@type\":\"ReadAction\",\"target\":[\"https:\/\/revista-vitral.com\/index.php\/sample-page\/\"]}]},{\"@type\":\"ImageObject\",\"inLanguage\":\"es\",\"@id\":\"https:\/\/revista-vitral.com\/index.php\/sample-page\/#primaryimage\",\"url\":\"https:\/\/revista-vitral.com\/wp-content\/uploads\/2025\/04\/cropped-VITRAL-REVISTA.png\",\"contentUrl\":\"https:\/\/revista-vitral.com\/wp-content\/uploads\/2025\/04\/cropped-VITRAL-REVISTA.png\",\"width\":1821,\"height\":688},{\"@type\":\"BreadcrumbList\",\"@id\":\"https:\/\/revista-vitral.com\/index.php\/sample-page\/#breadcrumb\",\"itemListElement\":[{\"@type\":\"ListItem\",\"position\":1,\"name\":\"Portada\",\"item\":\"https:\/\/revista-vitral.com\/\"},{\"@type\":\"ListItem\",\"position\":2,\"name\":\"Acerca de\"}]},{\"@type\":\"WebSite\",\"@id\":\"https:\/\/revista-vitral.com\/#website\",\"url\":\"https:\/\/revista-vitral.com\/\",\"name\":\"Revista Vitral\",\"description\":\"\",\"publisher\":{\"@id\":\"https:\/\/revista-vitral.com\/#organization\"},\"potentialAction\":[{\"@type\":\"SearchAction\",\"target\":{\"@type\":\"EntryPoint\",\"urlTemplate\":\"https:\/\/revista-vitral.com\/?s={search_term_string}\"},\"query-input\":{\"@type\":\"PropertyValueSpecification\",\"valueRequired\":true,\"valueName\":\"search_term_string\"}}],\"inLanguage\":\"es\"},{\"@type\":\"Organization\",\"@id\":\"https:\/\/revista-vitral.com\/#organization\",\"name\":\"Revista Vitral\",\"url\":\"https:\/\/revista-vitral.com\/\",\"logo\":{\"@type\":\"ImageObject\",\"inLanguage\":\"es\",\"@id\":\"https:\/\/revista-vitral.com\/#\/schema\/logo\/image\/\",\"url\":\"https:\/\/revista-vitral.com\/wp-content\/uploads\/2025\/04\/cropped-VITRAL-REVISTA.png\",\"contentUrl\":\"https:\/\/revista-vitral.com\/wp-content\/uploads\/2025\/04\/cropped-VITRAL-REVISTA.png\",\"width\":1821,\"height\":688,\"caption\":\"Revista Vitral\"},\"image\":{\"@id\":\"https:\/\/revista-vitral.com\/#\/schema\/logo\/image\/\"}}]}<\/script>\n<!-- \/ Yoast SEO plugin. -->","yoast_head_json":{"title":"Acerca de - Revista Vitral","robots":{"index":"index","follow":"follow","max-snippet":"max-snippet:-1","max-image-preview":"max-image-preview:large","max-video-preview":"max-video-preview:-1"},"canonical":"https:\/\/revista-vitral.com\/index.php\/sample-page\/","og_locale":"es_ES","og_type":"article","og_title":"Acerca de - Revista Vitral","og_description":"\u00a0La Revista Vitral es una publicaci\u00f3n de periodicidad continua que difunde\u00a0investigaciones de acad\u00e9micos y profesionales interesados en la investigaci\u00f3n\u00a0sobre las distintas disciplinas art\u00edsticas y desde perspectivas te\u00f3ricas y\u00a0metodol\u00f3gicas diversas. \u00c1reas de enfoque Producci\u00f3n disciplinaria de artes pl\u00e1sticas, esc\u00e9nicas, visuales y audiovisuales Estudios de Est\u00e9tica Filosof\u00eda y semi\u00f3tica del arte Sociolog\u00eda del arte Educaci\u00f3n art\u00edstica Historia [&hellip;]","og_url":"https:\/\/revista-vitral.com\/index.php\/sample-page\/","og_site_name":"Revista Vitral","article_modified_time":"2025-09-24T00:40:08+00:00","og_image":[{"width":1821,"height":688,"url":"https:\/\/revista-vitral.com\/wp-content\/uploads\/2025\/04\/cropped-VITRAL-REVISTA.png","type":"image\/png"}],"twitter_card":"summary_large_image","twitter_misc":{"Tiempo de lectura":"2 minutos"},"schema":{"@context":"https:\/\/schema.org","@graph":[{"@type":"WebPage","@id":"https:\/\/revista-vitral.com\/index.php\/sample-page\/","url":"https:\/\/revista-vitral.com\/index.php\/sample-page\/","name":"Acerca de - Revista Vitral","isPartOf":{"@id":"https:\/\/revista-vitral.com\/#website"},"primaryImageOfPage":{"@id":"https:\/\/revista-vitral.com\/index.php\/sample-page\/#primaryimage"},"image":{"@id":"https:\/\/revista-vitral.com\/index.php\/sample-page\/#primaryimage"},"thumbnailUrl":"https:\/\/revista-vitral.com\/wp-content\/uploads\/2025\/04\/cropped-VITRAL-REVISTA-300x113.png","datePublished":"2025-04-28T18:32:43+00:00","dateModified":"2025-09-24T00:40:08+00:00","breadcrumb":{"@id":"https:\/\/revista-vitral.com\/index.php\/sample-page\/#breadcrumb"},"inLanguage":"es","potentialAction":[{"@type":"ReadAction","target":["https:\/\/revista-vitral.com\/index.php\/sample-page\/"]}]},{"@type":"ImageObject","inLanguage":"es","@id":"https:\/\/revista-vitral.com\/index.php\/sample-page\/#primaryimage","url":"https:\/\/revista-vitral.com\/wp-content\/uploads\/2025\/04\/cropped-VITRAL-REVISTA.png","contentUrl":"https:\/\/revista-vitral.com\/wp-content\/uploads\/2025\/04\/cropped-VITRAL-REVISTA.png","width":1821,"height":688},{"@type":"BreadcrumbList","@id":"https:\/\/revista-vitral.com\/index.php\/sample-page\/#breadcrumb","itemListElement":[{"@type":"ListItem","position":1,"name":"Portada","item":"https:\/\/revista-vitral.com\/"},{"@type":"ListItem","position":2,"name":"Acerca de"}]},{"@type":"WebSite","@id":"https:\/\/revista-vitral.com\/#website","url":"https:\/\/revista-vitral.com\/","name":"Revista Vitral","description":"","publisher":{"@id":"https:\/\/revista-vitral.com\/#organization"},"potentialAction":[{"@type":"SearchAction","target":{"@type":"EntryPoint","urlTemplate":"https:\/\/revista-vitral.com\/?s={search_term_string}"},"query-input":{"@type":"PropertyValueSpecification","valueRequired":true,"valueName":"search_term_string"}}],"inLanguage":"es"},{"@type":"Organization","@id":"https:\/\/revista-vitral.com\/#organization","name":"Revista Vitral","url":"https:\/\/revista-vitral.com\/","logo":{"@type":"ImageObject","inLanguage":"es","@id":"https:\/\/revista-vitral.com\/#\/schema\/logo\/image\/","url":"https:\/\/revista-vitral.com\/wp-content\/uploads\/2025\/04\/cropped-VITRAL-REVISTA.png","contentUrl":"https:\/\/revista-vitral.com\/wp-content\/uploads\/2025\/04\/cropped-VITRAL-REVISTA.png","width":1821,"height":688,"caption":"Revista Vitral"},"image":{"@id":"https:\/\/revista-vitral.com\/#\/schema\/logo\/image\/"}}]}},"_links":{"self":[{"href":"https:\/\/revista-vitral.com\/index.php\/wp-json\/wp\/v2\/pages\/2","targetHints":{"allow":["GET"]}}],"collection":[{"href":"https:\/\/revista-vitral.com\/index.php\/wp-json\/wp\/v2\/pages"}],"about":[{"href":"https:\/\/revista-vitral.com\/index.php\/wp-json\/wp\/v2\/types\/page"}],"author":[{"embeddable":true,"href":"https:\/\/revista-vitral.com\/index.php\/wp-json\/wp\/v2\/users\/1"}],"replies":[{"embeddable":true,"href":"https:\/\/revista-vitral.com\/index.php\/wp-json\/wp\/v2\/comments?post=2"}],"version-history":[{"count":43,"href":"https:\/\/revista-vitral.com\/index.php\/wp-json\/wp\/v2\/pages\/2\/revisions"}],"predecessor-version":[{"id":379,"href":"https:\/\/revista-vitral.com\/index.php\/wp-json\/wp\/v2\/pages\/2\/revisions\/379"}],"wp:attachment":[{"href":"https:\/\/revista-vitral.com\/index.php\/wp-json\/wp\/v2\/media?parent=2"}],"curies":[{"name":"wp","href":"https:\/\/api.w.org\/{rel}","templated":true}]}}